{"id":1425,"date":"2024-04-03T13:02:24","date_gmt":"2024-04-03T10:02:24","guid":{"rendered":"https:\/\/wood4u.ee\/ettevotte-lugu\/"},"modified":"2025-01-27T13:51:28","modified_gmt":"2025-01-27T11:51:28","slug":"virksomhedens-historie","status":"publish","type":"page","link":"https:\/\/wood4u.ee\/da\/kontakt\/virksomhedens-historie\/","title":{"rendered":"Virksomhedens historie"},"content":{"rendered":"\n<p class=\"wp-el\">WOOD4U er et estisk brand skabt af Westwood Group O\u00dc, som har mange \u00e5rs erfaring inden for tr\u00e6industrien. Vores koncerns aktiviteter d\u00e6kker alle faser af tr\u00e6for\u00e6dling, fra skovplantning og skovbrug til produktion og eksport af savv\u00e6rkstr\u00e6, snedkertr\u00e6 og tr\u00e6interi\u00f8relementer. See ainulaadne terviklik l\u00e4henemine annab meile t\u00e4ieliku kontrolli tootmists\u00fckli \u00fcle, tagades iga WOOD4U toote \u2013 olgu selleks parkett, seina- v\u00f5i tisleripaneel \u2013 erakordse kvaliteedi ja vastupidavuse.<\/p>\n\n\n\n<p class=\"wp-el\">Ved at bruge \u00e6deltr\u00e6 fra Estlands og Europas skove kan vi garantere, at vores producerede parket, v\u00e6g- og snedkerpaneler opretholder en konstant h\u00f8j kvalitet og kompatibilitet. Denne unikke vertikale integration giver os fuld kontrol over produktionscyklussen og sikrer enest\u00e5ende kvalitet og holdbarhed for hvert WOOD4U-produkt.<\/p>\n\n\n\n<p class=\"wp-el\"><\/p>\n\n\n\n<figure class=\"wp-block-embed is-type-video is-provider-youtube wp-block-embed-youtube wp-embed-aspect-16-9 wp-has-aspect-ratio\"><div class=\"wp-block-embed__wrapper\">\n<div class=\"arve arve-hover-effect-darken\" data-mode=\"lightbox\" data-oembed=\"1\" data-provider=\"youtube\" id=\"arve-youtube-vr9yv9nuliu69df49309a828612338998\" data-reset-after-played data-fullscreen=\"disabled\" data-volume=\"100\">\n<span class=\"arve-inner\">\n<span class=\"arve-embed arve-embed--has-aspect-ratio\" style=\"aspect-ratio: 585 \/ 329\">\n<span class=\"arve-ar\" style=\"padding-top:56.239316%\"><\/span><noscript class=\"arve-noscript\"><iframe allow=\"accelerometer; autoplay; clipboard-write; encrypted-media; gyroscope; picture-in-picture\" allowfullscreen class=\"arve-iframe fitvidsignore\" data-arve=\"arve-youtube-vr9yv9nuliu69df49309a828612338998\" data-src-no-ap=\"https:\/\/www.youtube-nocookie.com\/embed\/VR9yV9NulIU?feature=oembed&amp;iv_load_policy=3&amp;modestbranding=1&amp;rel=0&amp;autohide=1&amp;playsinline=1&amp;autoplay=0&amp;enablejsapi=1\" frameborder=\"0\" height=\"0\" sandbox=\"allow-scripts allow-same-origin allow-presentation allow-popups allow-popups-to-escape-sandbox\" scrolling=\"no\" src=\"https:\/\/www.youtube-nocookie.com\/embed\/VR9yV9NulIU?feature=oembed&#038;iv_load_policy=3&#038;modestbranding=1&#038;rel=0&#038;autohide=1&#038;playsinline=1&#038;autoplay=1&#038;enablejsapi=1\" title=\"\u2728WOOD4U - ehe Eesti p\u00e4ritolu, metsade hing ja soojus Sinu kodus!\u2728\"><\/iframe>\n<\/noscript><img decoding=\"async\" alt=\"\u2728WOOD4U - ehe Eesti p\u00e4ritolu, metsade hing ja soojus Sinu kodus!\u2728\" src=\"https:\/\/i.ytimg.com\/vi\/VR9yV9NulIU\/hqdefault.jpg\" srcset=\"https:\/\/i.ytimg.com\/vi\/VR9yV9NulIU\/mqdefault.jpg 320w, https:\/\/i.ytimg.com\/vi\/VR9yV9NulIU\/hqdefault.jpg 480w\" class=\"arve-thumbnail\" loading=\"lazy\" width=\"480\" height=\"360\">\n<button role=\"button\" type=\"button\" class=\"arve-play-btn arve-play-btn--youtube\" data-target=\"#arve-youtube-vr9yv9nuliu69df49309a828612338998\" aria-label=\"Open Lightbox with video\" data-width=\"1280\" data-height=\"719.86324786325\" data-thumb=\"https:\/\/i.ytimg.com\/vi\/VR9yV9NulIU\/hqdefault.jpg\" href=\"https:\/\/youtu.be\/VR9yV9NulIU?feature=shared\" data-iframe=\"https:\/\/www.youtube-nocookie.com\/embed\/VR9yV9NulIU?feature=oembed&amp;iv_load_policy=3&amp;modestbranding=1&amp;rel=0&amp;autohide=1&amp;playsinline=1&amp;autoplay=1&amp;enablejsapi=1\">\n<svg class=\"arve-play-svg arve-play-svg--youtube\" focusable=\"false\" aria-hidden=\"true\" width=\"68\" viewBox=\"0 0 68 48\" xmlns=\"http:\/\/www.w3.org\/2000\/svg\">\n\t<path fill=\"#1f1f1e\" fill-opacity=\"0.81\" d=\"m .66,37.62 c 0,0 .66,4.70 2.70,6.77 2.58,2.71 5.98,2.63 7.49,2.91 5.43,.52 23.10,.68 23.12,.68 .00,-1.3e-5 14.29,-0.02 23.81,-0.71 1.32,-0.15 4.22,-0.17 6.81,-2.89 2.03,-2.07 2.70,-6.77 2.70,-6.77 0,0 .67,-5.52 .67,-11.04 l 0,-5.17 c 0,-5.52 -0.67,-11.04 -0.67,-11.04 0,0 -0.66,-4.70 -2.70,-6.77 C 62.03,.86 59.13,.84 57.80,.69 48.28,0 34.00,0 34.00,0 33.97,0 19.69,0 10.18,.69 8.85,.84 5.95,.86 3.36,3.58 1.32,5.65 .66,10.35 .66,10.35 c 0,0 -0.55,4.50 -0.66,9.45 l 0,8.36 c .10,4.94 .66,9.45 .66,9.45 z\"><\/path>\n\t<path fill=\"#fff\" d=\"m 26.96,13.67 18.37,9.62 -18.37,9.55 -0.00,-19.17 z\" ><\/path>\n\t<path fill=\"#ccc\" d=\"M 45.02,23.46 45.32,23.28 26.96,13.67 43.32,24.34 45.02,23.46 z\" ><\/path>\n<\/svg>\n\n<\/button>\n\n<\/span>\n\n<\/span>\n<script type=\"application\/ld+json\">{\"@context\":\"http:\\\/\\\/schema.org\\\/\",\"@id\":\"https:\\\/\\\/wood4u.ee\\\/da\\\/kontakt\\\/virksomhedens-historie\\\/#arve-youtube-vr9yv9nuliu69df49309a828612338998\",\"type\":\"VideoObject\",\"embedURL\":\"https:\\\/\\\/www.youtube-nocookie.com\\\/embed\\\/VR9yV9NulIU?feature=oembed&iv_load_policy=3&modestbranding=1&rel=0&autohide=1&playsinline=1&autoplay=1&enablejsapi=1\",\"name\":\"\\u2728WOOD4U - ehe Eesti p\\u00e4ritolu, metsade hing ja soojus Sinu kodus!\\u2728\",\"thumbnailUrl\":\"https:\\\/\\\/i.ytimg.com\\\/vi\\\/VR9yV9NulIU\\\/hqdefault.jpg\",\"uploadDate\":\"2024-04-03T13:02:24+00:00\",\"author\":\"Wood4U\",\"description\":\"WOOD4U er et estisk brand skabt af Westwood Group O\\u00dc, som har mange \\u00e5rs erfaring inden for tr\\u00e6industrien. Vores koncerns aktiviteter d\\u00e6kker alle faser af tr\\u00e6for\\u00e6dling, fra skovplantning og skovbrug til produktion og eksport af savv\\u00e6rkstr\\u00e6, snedkertr\\u00e6 og tr\\u00e6interi\\u00f8relementer. See ainulaadne terviklik\"}<\/script>\n<\/div>\n\n<\/div><\/figure>\n","protected":false},"excerpt":{"rendered":"<p>WOOD4U on pikaajalise puiduvaldkonna kogemusega Eesti ettev\u00f5te, mis on spetsialiseerunud tammepuidust parketi, seinapaneelide ja tislerikilbi tootmisele.<\/p>\n","protected":false},"author":1,"featured_media":0,"parent":1426,"menu_order":20,"comment_status":"closed","ping_status":"closed","template":"","meta":{"_acf_changed":false,"inline_featured_image":false,"footnotes":""},"class_list":["post-1425","page","type-page","status-publish","hentry"],"acf":[],"_links":{"self":[{"href":"https:\/\/wood4u.ee\/da\/wp-json\/wp\/v2\/pages\/1425","targetHints":{"allow":["GET"]}}],"collection":[{"href":"https:\/\/wood4u.ee\/da\/wp-json\/wp\/v2\/pages"}],"about":[{"href":"https:\/\/wood4u.ee\/da\/wp-json\/wp\/v2\/types\/page"}],"author":[{"embeddable":true,"href":"https:\/\/wood4u.ee\/da\/wp-json\/wp\/v2\/users\/1"}],"replies":[{"embeddable":true,"href":"https:\/\/wood4u.ee\/da\/wp-json\/wp\/v2\/comments?post=1425"}],"version-history":[{"count":3,"href":"https:\/\/wood4u.ee\/da\/wp-json\/wp\/v2\/pages\/1425\/revisions"}],"predecessor-version":[{"id":1559,"href":"https:\/\/wood4u.ee\/da\/wp-json\/wp\/v2\/pages\/1425\/revisions\/1559"}],"up":[{"embeddable":true,"href":"https:\/\/wood4u.ee\/da\/wp-json\/wp\/v2\/pages\/1426"}],"wp:attachment":[{"href":"https:\/\/wood4u.ee\/da\/wp-json\/wp\/v2\/media?parent=1425"}],"curies":[{"name":"wp","href":"https:\/\/api.w.org\/{rel}","templated":true}]}}