{"id":1428,"date":"2024-02-22T07:40:33","date_gmt":"2024-02-22T05:40:33","guid":{"rendered":"https:\/\/wood4u.ee\/partnerid\/"},"modified":"2025-01-27T14:55:42","modified_gmt":"2025-01-27T12:55:42","slug":"partnere","status":"publish","type":"page","link":"https:\/\/wood4u.ee\/da\/partnere\/","title":{"rendered":"Partnere"},"content":{"rendered":"<div class=\"ama-block block-cover full-width\"><div class=\"block__header text-center\" data-animate=\"T_FADE_DOWN\"><h1 class=\"has-huge-font-size\">PARTNERE<\/h1><\/div><div class=\"block__body\" data-animate=\"T_FADE_ZOOM\"><div class=\"acf-innerblocks-container\">\n\n<p class=\"wp-el\">WOOD4U har etableret langvarige samarbejdspartnere inden for indretning, arkitektur, m\u00f8belfremstilling og produktinstallation. Vore partnere er eksperter p\u00e5 deres omr\u00e5de, som har en grundig viden om WOOD4U-produkterne og er i stand til at tilbyde de bedste l\u00f8sninger allerede i planl\u00e6gningsfasen af projekterne.<\/p>\n\n\n\n<p class=\"wp-el\">Bliv en del af WOOD4U\u2019s partnernetv\u00e6rk og tilbyd dine kunder de bedste l\u00f8sninger!<\/p>\n\n<\/div><\/div><div class=\"block__bg\" style=\"background-image: url(https:\/\/wood4u.ee\/wp-content\/uploads\/2024\/02\/Avakuva5.png); background-repeat: no-repeat; background-size: cover; background-position: center;\"><\/div><button type=\"button\" class=\"scroll-to-next\" aria-label=\"Scroll to next element\"><\/button><\/div>","protected":false},"excerpt":{"rendered":"<p>WOOD4U koost\u00f6\u00f6partnerid sisekujunduse, arhitektuuri, m\u00f6\u00f6bli valmistamise ja toodete paigaldamise valdkonnas. <\/p>\n","protected":false},"author":1,"featured_media":0,"parent":0,"menu_order":30,"comment_status":"closed","ping_status":"closed","template":"","meta":{"_acf_changed":false,"inline_featured_image":false,"footnotes":""},"class_list":["post-1428","page","type-page","status-publish","hentry"],"acf":[],"_links":{"self":[{"href":"https:\/\/wood4u.ee\/da\/wp-json\/wp\/v2\/pages\/1428","targetHints":{"allow":["GET"]}}],"collection":[{"href":"https:\/\/wood4u.ee\/da\/wp-json\/wp\/v2\/pages"}],"about":[{"href":"https:\/\/wood4u.ee\/da\/wp-json\/wp\/v2\/types\/page"}],"author":[{"embeddable":true,"href":"https:\/\/wood4u.ee\/da\/wp-json\/wp\/v2\/users\/1"}],"replies":[{"embeddable":true,"href":"https:\/\/wood4u.ee\/da\/wp-json\/wp\/v2\/comments?post=1428"}],"version-history":[{"count":2,"href":"https:\/\/wood4u.ee\/da\/wp-json\/wp\/v2\/pages\/1428\/revisions"}],"predecessor-version":[{"id":1563,"href":"https:\/\/wood4u.ee\/da\/wp-json\/wp\/v2\/pages\/1428\/revisions\/1563"}],"wp:attachment":[{"href":"https:\/\/wood4u.ee\/da\/wp-json\/wp\/v2\/media?parent=1428"}],"curies":[{"name":"wp","href":"https:\/\/api.w.org\/{rel}","templated":true}]}}