{"id":1430,"date":"2024-02-21T11:58:47","date_gmt":"2024-02-21T09:58:47","guid":{"rendered":"https:\/\/wood4u.ee\/avaleht\/"},"modified":"2025-01-28T15:05:53","modified_gmt":"2025-01-28T13:05:53","slug":"avaleht","status":"publish","type":"page","link":"https:\/\/wood4u.ee\/da\/","title":{"rendered":"Forside"},"content":{"rendered":"<div class=\"ama-block block-cover full-width\"><div class=\"block__header text-center\" data-animate=\"T_FADE_DOWN\"><h1 class=\"has-huge-font-size\">Wood4U egetr\u00e6sgulvparket<\/h1><\/div><div class=\"block__body\" data-animate=\"T_FADE_ZOOM\"><div class=\"ama-block block-posts\"><div class=\"block__body\"><a href=\"https:\/\/wood4u.ee\/da\/produkter\/parket\/\" class=\"post-item is-style-product\"><div class=\"item__thumb\"><img loading=\"lazy\" decoding=\"async\" width=\"272\" height=\"272\" src=\"https:\/\/wood4u.ee\/wp-content\/uploads\/2024\/02\/Tislerikilp-suurendatud-272x272.jpg\" class=\"attachment-thumbnail size-thumbnail wp-post-image\" alt=\"\" srcset=\"https:\/\/wood4u.ee\/wp-content\/uploads\/2024\/02\/Tislerikilp-suurendatud-272x272.jpg 272w, https:\/\/wood4u.ee\/wp-content\/uploads\/2024\/02\/Tislerikilp-suurendatud-1280x1280.jpg 1280w, https:\/\/wood4u.ee\/wp-content\/uploads\/2024\/02\/Tislerikilp-suurendatud-480x480.jpg 480w, https:\/\/wood4u.ee\/wp-content\/uploads\/2024\/02\/Tislerikilp-suurendatud-250x250.jpg 250w, https:\/\/wood4u.ee\/wp-content\/uploads\/2024\/02\/Tislerikilp-suurendatud.jpg 1920w\" sizes=\"auto, (max-width: 272px) 100vw, 272px\" \/><\/div><div class=\"item__content\"><p class=\"fw-bold text-uppercase\">Parket<\/p><\/div><div class=\"item__footer\"><button type=\"button\" class=\"btn text-uppercase w-100\">Udforsk Udvalget\n<\/button><\/div><\/a><a href=\"https:\/\/wood4u.ee\/da\/produkter\/vaegpaneler\/\" class=\"post-item is-style-product\"><div class=\"item__thumb\"><img loading=\"lazy\" decoding=\"async\" width=\"272\" height=\"272\" src=\"https:\/\/wood4u.ee\/wp-content\/uploads\/2024\/02\/Seinapaneel_pisi-272x272.png\" class=\"attachment-thumbnail size-thumbnail wp-post-image\" alt=\"\" srcset=\"https:\/\/wood4u.ee\/wp-content\/uploads\/2024\/02\/Seinapaneel_pisi-272x272.png 272w, https:\/\/wood4u.ee\/wp-content\/uploads\/2024\/02\/Seinapaneel_pisi-480x480.png 480w, https:\/\/wood4u.ee\/wp-content\/uploads\/2024\/02\/Seinapaneel_pisi-250x250.png 250w\" sizes=\"auto, (max-width: 272px) 100vw, 272px\" \/><\/div><div class=\"item__content\"><p class=\"fw-bold text-uppercase\">V\u00e6gpaneler<\/p><\/div><div class=\"item__footer\"><button type=\"button\" class=\"btn text-uppercase w-100\">Udforsk Udvalget\n<\/button><\/div><\/a><a href=\"https:\/\/wood4u.ee\/da\/produkter\/snedkerplade\/\" class=\"post-item is-style-product\"><div class=\"item__thumb\"><img loading=\"lazy\" decoding=\"async\" width=\"272\" height=\"272\" src=\"https:\/\/wood4u.ee\/wp-content\/uploads\/2024\/02\/teploe-derevo-v-dizayner-doma-v-san-francisco-pufikhomes-2-272x272.jpg\" class=\"attachment-thumbnail size-thumbnail wp-post-image\" alt=\"\" srcset=\"https:\/\/wood4u.ee\/wp-content\/uploads\/2024\/02\/teploe-derevo-v-dizayner-doma-v-san-francisco-pufikhomes-2-272x272.jpg 272w, https:\/\/wood4u.ee\/wp-content\/uploads\/2024\/02\/teploe-derevo-v-dizayner-doma-v-san-francisco-pufikhomes-2-480x480.jpg 480w, https:\/\/wood4u.ee\/wp-content\/uploads\/2024\/02\/teploe-derevo-v-dizayner-doma-v-san-francisco-pufikhomes-2-250x250.jpg 250w\" sizes=\"auto, (max-width: 272px) 100vw, 272px\" \/><\/div><div class=\"item__content\"><p class=\"fw-bold text-uppercase\">Snedkerplade<\/p><\/div><div class=\"item__footer\"><button type=\"button\" class=\"btn text-uppercase w-100\">Udforsk Udvalget\n<\/button><\/div><\/a><\/div><\/div><\/div><div class=\"block__footer text-center\" data-animate=\"T_FADE_UP\"><div class=\"wp-block-button\"><a href=\"https:\/\/wood4u.ee\/da\/products\/parket\/\" class=\"wp-block-button__link\">Udforsk vores parket og dets egenskaber<\/a><\/div><\/div><div class=\"block__bg\" style=\"background-image: url(https:\/\/wood4u.ee\/wp-content\/uploads\/2024\/02\/Parkett.png); background-repeat: no-repeat; background-size: cover; background-position: center;\"><\/div><button type=\"button\" class=\"scroll-to-next\" aria-label=\"Scroll to next element\"><\/button><\/div>\n\n<div id=\"avakuva\" class=\"ama-block block-cover full-width\"><div class=\"block__header text-center\" data-animate=\"T_FADE_DOWN\"><h1 class=\"has-huge-font-size\">Helhedsl\u00f8sninger i egetr\u00e6sinventar<\/h1><\/div><div class=\"block__body\" data-animate=\"T_FADE_ZOOM\"><div class=\"acf-innerblocks-container\">\n\n<p class=\"wp-el\">WOOD4U er en estisk virksomhed med mange \u00e5rs erfaring inden for tr\u00e6industrien, der specialiserer sig i produktion af egetr\u00e6sparket, v\u00e6gpaneler og snedkerplader.<\/p>\n\n\n\n<p class=\"wp-el\">Brugen af egetr\u00e6 i interi\u00f8rdesign er en fremragende m\u00e5de at g\u00f8re dit hjem mere hyggeligt p\u00e5. Det smukke m\u00f8nster, holdbarheden og tr\u00e6ets gode \u00e5ndeevne skaber den perfekte kombination til at skabe et smukt hjem med et sundt indeklima.<\/p>\n\n<\/div><\/div><div class=\"block__bg\" style=\"background-image: url(https:\/\/wood4u.ee\/wp-content\/uploads\/2024\/03\/Avakuva1.jpg); background-repeat: no-repeat; background-size: cover; background-position: center;\"><\/div><button type=\"button\" class=\"scroll-to-next\" aria-label=\"Scroll to next element\"><\/button><\/div>\n\n<div id=\"meie-lugu\" class=\"ama-block block-cover full-width\"><div class=\"block__header text-center\" data-animate=\"T_FADE_DOWN\"><h2 class=\"has-huge-font-size\">WOOD4U<\/h2><\/div><div class=\"block__body\" data-animate=\"T_FADE_ZOOM\"><div class=\"acf-innerblocks-container\">\n\n<p class=\"wp-el\">WOOD4U \u2013 \u00e6gte estisk oprindelse, skovenes sj\u00e6l og varme i dit hjem.<\/p>\n\n\n\n<p class=\"wp-el\">WOOD4U er et estisk brand skabt af Westwood Group O\u00dc, som har mange \u00e5rs erfaring inden for tr\u00e6industrien. Vores koncerns aktiviteter d\u00e6kker alle faser af tr\u00e6for\u00e6dling, fra skovplantning og skovbrug til produktion og eksport af savv\u00e6rkstr\u00e6, snedkertr\u00e6 og tr\u00e6interi\u00f8relementer.<\/p>\n\n<\/div><\/div><div class=\"block__footer text-center\" data-animate=\"T_FADE_UP\"><div class=\"wp-block-button\"><a href=\"https:\/\/wood4u.ee\/da\/kontakt\/virksomhedens-historie\/\" class=\"wp-block-button__link\">Virksomhedens historie<\/a><\/div><\/div><div class=\"block__bg\" style=\"background-image: url(https:\/\/wood4u.ee\/wp-content\/uploads\/2024\/02\/Meist-leht.png); background-repeat: no-repeat; background-size: cover; background-position: center;\"><\/div><button type=\"button\" class=\"scroll-to-next\" aria-label=\"Scroll to next element\"><\/button><\/div>\n\n<div class=\"ama-block block-cover full-width\"><div class=\"block__header text-center\" data-animate=\"T_FADE_DOWN\"><h2 class=\"has-huge-font-size\">V\u00e6gpaneler<\/h2><\/div><div class=\"block__body\" data-animate=\"T_FADE_ZOOM\"><div class=\"acf-innerblocks-container\">\n\n<p class=\"wp-el\">V\u00e6gpaneler i egetr\u00e6 er det ideelle valg for dem, der s\u00f8ger en naturlig og elegant finish til deres hjem. De passer perfekt sammen med b\u00e5de parketgulve og m\u00f8bler og skaber en hyggelig og varm atmosf\u00e6re. Panelerne er nemt forbundet med fer-not-system, hvilket sikrer en hurtig og bekvem installation. Ved fremstillingen af v\u00e6gpanelerne er der anvendt 4 mm tyk egetr\u00e6slamell.<\/p>\n\n<\/div><\/div><div class=\"block__footer text-center\" data-animate=\"T_FADE_UP\"><div class=\"wp-block-button\"><a href=\"https:\/\/wood4u.ee\/da\/products\/vaegpaneler\/\" class=\"wp-block-button__link\">Se udvalget af v\u00e6gpaneler!<\/a><\/div><\/div><div class=\"block__bg\" style=\"background-image: url(https:\/\/wood4u.ee\/wp-content\/uploads\/2024\/02\/Seinapaneel_pisi.png); background-repeat: no-repeat; background-size: cover; background-position: center;\"><\/div><button type=\"button\" class=\"scroll-to-next\" aria-label=\"Scroll to next element\"><\/button><\/div>\n\n<div class=\"ama-block block-cover full-width\"><div class=\"block__header text-center\" data-animate=\"T_FADE_DOWN\"><h2 class=\"has-huge-font-size\">M\u00f8bler af snedkerplader<\/h2><\/div><div class=\"block__body\" data-animate=\"T_FADE_ZOOM\"><div class=\"acf-innerblocks-container\">\n\n<p class=\"wp-el\">Wood4U snedkerplader har en kerne af birkekrydsfiner med 4 mm tykke egetr\u00e6slameller p\u00e5 begge sider, hvilket muligg\u00f8r fremstilling af holdbare og smukke m\u00f8bler. Takket v\u00e6re den anvendte teknologi beh\u00f8ver du ikke bekymre dig om, at m\u00f8bler fremstillet af Wood4U snedkerplader vil revne eller deformere, som det ofte er tilf\u00e6ldet med massivt tr\u00e6.<\/p>\n\n<\/div><\/div><div class=\"block__footer text-center\" data-animate=\"T_FADE_UP\"><div class=\"wp-block-button\"><a href=\"https:\/\/wood4u.ee\/da\/products\/snedkerplade\/\" class=\"wp-block-button__link\">Anvendelsesmuligheder<\/a><\/div><\/div><div class=\"block__bg\" style=\"background-image: url(https:\/\/wood4u.ee\/wp-content\/uploads\/2024\/02\/Tislerikilp-suurendatud-1920x1440.jpg); background-repeat: no-repeat; background-size: cover; background-position: center;\"><\/div><button type=\"button\" class=\"scroll-to-next\" aria-label=\"Scroll to next element\"><\/button><\/div>\n\n<div class=\"ama-block block-cover full-width\"><div class=\"block__header text-center\" data-animate=\"T_FADE_DOWN\"><h2 class=\"has-huge-font-size\">Partnere<\/h2><\/div><div class=\"block__body\" data-animate=\"T_FADE_ZOOM\"><div class=\"acf-innerblocks-container\">\n\n<p class=\"wp-el\">Vores partnere er fagfolk, der har indg\u00e5ende kendskab til WOOD4U-produkter og kan tilbyde de bedste l\u00f8sninger allerede i projektets planl\u00e6gningsfase.<br>Bliv en del af WOOD4U&#8217;s partnernetv\u00e6rk og tilbyd dine kunder det bedste!<\/p>\n\n<\/div><\/div><div class=\"block__bg\" style=\"background-image: url(https:\/\/wood4u.ee\/wp-content\/uploads\/2024\/02\/avakuva6.png); background-repeat: no-repeat; background-size: cover; background-position: center;\"><\/div><button type=\"button\" class=\"scroll-to-next\" aria-label=\"Scroll to next element\"><\/button><\/div>\n\n\n<h2 class=\"wp-block-heading wp-el\">Forhandlere<\/h2>\n\n\n\n<p class=\"wp-el\">WOOD4U-produkter kan k\u00f8bes som lager- eller specialbestillingsvarer direkte fra os eller gennem vores forhandlere rundt om i Estland.<br>WOOD4U har etableret langvarige samarbejdspartnere inden for indretning, arkitektur, m\u00f8belfremstilling og produktinstallation.<\/p>\n\n\n<div class=\"ama-block block-resellers\"><div class=\"block__body\"><div class=\"reseller-item\"><div class=\"item__thumb\"><img loading=\"lazy\" decoding=\"async\" width=\"250\" height=\"250\" src=\"https:\/\/wood4u.ee\/wp-content\/uploads\/2024\/04\/RM-Stock-250x250.png\" class=\"attachment-img-250 size-img-250\" alt=\"\" srcset=\"https:\/\/wood4u.ee\/wp-content\/uploads\/2024\/04\/RM-Stock-250x250.png 250w, https:\/\/wood4u.ee\/wp-content\/uploads\/2024\/04\/RM-Stock.png 272w\" sizes=\"auto, (max-width: 250px) 100vw, 250px\" \/><\/div><div class=\"item__content\"><p>RM Stock O\u00dc<\/p><p><a href=\"https:\/\/rmstuudio.ee\" target=\"_blank\" rel=\"noopener\">https:\/\/rmstuudio.ee<\/a><\/p>\n<p><strong>Tartu<\/strong>, S\u00f5bra 54<br \/>\n<a href=\"mailto:tartu@rmstuudio.ee\">tartu@rmstuudio.ee<\/a><br \/>\n<a href=\"tel:+372 740 4245\">+372 740 4245<\/a><\/p>\n<p>&nbsp;<\/p>\n<p><strong>Tallinn<\/strong>, P\u00e4rnu mnt 110<br \/>\n<a href=\"info@rmstuudio.ee\">info@rmstuudio.ee<\/a><br \/>\n<a href=\"tel:+372 650 1200\">+372 650 1200<\/a><\/p>\n<p>&nbsp;<\/p>\n<p>&nbsp;<\/p>\n<\/div><\/div><div class=\"reseller-item\"><div class=\"item__thumb\"><img loading=\"lazy\" decoding=\"async\" width=\"250\" height=\"243\" src=\"https:\/\/wood4u.ee\/wp-content\/uploads\/2024\/11\/Tomliner-logo-e1732689451458-250x243.png\" class=\"attachment-img-250 size-img-250\" alt=\"\" \/><\/div><div class=\"item__content\"><p>Tomliner O\u00dc<\/p><p><a href=\"https:\/\/porandapood.com\/\" target=\"_blank\" rel=\"noopener\">https:\/\/porandapood.com\/<\/a><br \/>\n<strong>Tartu<\/strong>, Teguri 51<br \/>\n<a href=\"mailto:toomas@tomliner.ee\">toomas@tomliner.ee<\/a><\/p>\n<p>+372 526 6602<\/p>\n<\/div><\/div><\/div><\/div>\n\n\n<p class=\"wp-el\"><\/p>\n","protected":false},"excerpt":{"rendered":"<p>WOOD4U er en estisk virksomhed med mange\u00e5rig erfaring i tr\u00e6industrien, med speciale i produktion af egetr\u00e6sparket, v\u00e6gpaneler og snedkerpaneler.<\/p>\n","protected":false},"author":1,"featured_media":1432,"parent":0,"menu_order":0,"comment_status":"closed","ping_status":"closed","template":"","meta":{"_acf_changed":false,"inline_featured_image":false,"footnotes":""},"class_list":["post-1430","page","type-page","status-publish","has-post-thumbnail","hentry"],"acf":[],"_links":{"self":[{"href":"https:\/\/wood4u.ee\/da\/wp-json\/wp\/v2\/pages\/1430","targetHints":{"allow":["GET"]}}],"collection":[{"href":"https:\/\/wood4u.ee\/da\/wp-json\/wp\/v2\/pages"}],"about":[{"href":"https:\/\/wood4u.ee\/da\/wp-json\/wp\/v2\/types\/page"}],"author":[{"embeddable":true,"href":"https:\/\/wood4u.ee\/da\/wp-json\/wp\/v2\/users\/1"}],"replies":[{"embeddable":true,"href":"https:\/\/wood4u.ee\/da\/wp-json\/wp\/v2\/comments?post=1430"}],"version-history":[{"count":16,"href":"https:\/\/wood4u.ee\/da\/wp-json\/wp\/v2\/pages\/1430\/revisions"}],"predecessor-version":[{"id":1658,"href":"https:\/\/wood4u.ee\/da\/wp-json\/wp\/v2\/pages\/1430\/revisions\/1658"}],"wp:featuredmedia":[{"embeddable":true,"href":"https:\/\/wood4u.ee\/da\/wp-json\/wp\/v2\/media\/1432"}],"wp:attachment":[{"href":"https:\/\/wood4u.ee\/da\/wp-json\/wp\/v2\/media?parent=1430"}],"curies":[{"name":"wp","href":"https:\/\/api.w.org\/{rel}","templated":true}]}}