{"id":699,"date":"2024-02-21T11:58:47","date_gmt":"2024-02-21T09:58:47","guid":{"rendered":"https:\/\/wood4u.ee\/etusivu\/"},"modified":"2025-01-15T08:24:26","modified_gmt":"2025-01-15T06:24:26","slug":"etusivu","status":"publish","type":"page","link":"https:\/\/wood4u.ee\/fi\/","title":{"rendered":"Etusivu"},"content":{"rendered":"<div class=\"ama-block block-cover full-width\"><div class=\"block__header text-center\" data-animate=\"T_FADE_DOWN\"><h1 class=\"has-huge-font-size\">Wood4U tammilankku<\/h1><\/div><div class=\"block__body\" data-animate=\"T_FADE_ZOOM\"><div class=\"ama-block block-posts\"><div class=\"block__body\"><a href=\"https:\/\/wood4u.ee\/fi\/tuotteita\/parketti\/\" class=\"post-item is-style-product\"><div class=\"item__thumb\"><img loading=\"lazy\" decoding=\"async\" width=\"272\" height=\"272\" src=\"https:\/\/wood4u.ee\/wp-content\/uploads\/2024\/02\/Tislerikilp-suurendatud-272x272.jpg\" class=\"attachment-thumbnail size-thumbnail wp-post-image\" alt=\"\" srcset=\"https:\/\/wood4u.ee\/wp-content\/uploads\/2024\/02\/Tislerikilp-suurendatud-272x272.jpg 272w, https:\/\/wood4u.ee\/wp-content\/uploads\/2024\/02\/Tislerikilp-suurendatud-1280x1280.jpg 1280w, https:\/\/wood4u.ee\/wp-content\/uploads\/2024\/02\/Tislerikilp-suurendatud-480x480.jpg 480w, https:\/\/wood4u.ee\/wp-content\/uploads\/2024\/02\/Tislerikilp-suurendatud-250x250.jpg 250w, https:\/\/wood4u.ee\/wp-content\/uploads\/2024\/02\/Tislerikilp-suurendatud.jpg 1920w\" sizes=\"auto, (max-width: 272px) 100vw, 272px\" \/><\/div><div class=\"item__content\"><p class=\"fw-bold text-uppercase\">Tammilankku<\/p><\/div><div class=\"item__footer\"><button type=\"button\" class=\"btn text-uppercase w-100\">Tarkista valikoima<\/button><\/div><\/a><a href=\"https:\/\/wood4u.ee\/fi\/tuotteita\/seinapaneelit\/\" class=\"post-item is-style-product\"><div class=\"item__thumb\"><img loading=\"lazy\" decoding=\"async\" width=\"272\" height=\"272\" src=\"https:\/\/wood4u.ee\/wp-content\/uploads\/2024\/02\/Seinapaneel_pisi-272x272.png\" class=\"attachment-thumbnail size-thumbnail wp-post-image\" alt=\"\" srcset=\"https:\/\/wood4u.ee\/wp-content\/uploads\/2024\/02\/Seinapaneel_pisi-272x272.png 272w, https:\/\/wood4u.ee\/wp-content\/uploads\/2024\/02\/Seinapaneel_pisi-480x480.png 480w, https:\/\/wood4u.ee\/wp-content\/uploads\/2024\/02\/Seinapaneel_pisi-250x250.png 250w\" sizes=\"auto, (max-width: 272px) 100vw, 272px\" \/><\/div><div class=\"item__content\"><p class=\"fw-bold text-uppercase\">SEIN\u00c4PANEELIT<\/p><\/div><div class=\"item__footer\"><button type=\"button\" class=\"btn text-uppercase w-100\">Tarkista valikoima<\/button><\/div><\/a><a href=\"https:\/\/wood4u.ee\/fi\/tuotteita\/rimalevy\/\" class=\"post-item is-style-product\"><div class=\"item__thumb\"><img loading=\"lazy\" decoding=\"async\" width=\"272\" height=\"272\" src=\"https:\/\/wood4u.ee\/wp-content\/uploads\/2024\/02\/teploe-derevo-v-dizayner-doma-v-san-francisco-pufikhomes-2-272x272.jpg\" class=\"attachment-thumbnail size-thumbnail wp-post-image\" alt=\"\" srcset=\"https:\/\/wood4u.ee\/wp-content\/uploads\/2024\/02\/teploe-derevo-v-dizayner-doma-v-san-francisco-pufikhomes-2-272x272.jpg 272w, https:\/\/wood4u.ee\/wp-content\/uploads\/2024\/02\/teploe-derevo-v-dizayner-doma-v-san-francisco-pufikhomes-2-480x480.jpg 480w, https:\/\/wood4u.ee\/wp-content\/uploads\/2024\/02\/teploe-derevo-v-dizayner-doma-v-san-francisco-pufikhomes-2-250x250.jpg 250w\" sizes=\"auto, (max-width: 272px) 100vw, 272px\" \/><\/div><div class=\"item__content\"><p class=\"fw-bold text-uppercase\">Sisustuslevy<\/p><\/div><div class=\"item__footer\"><button type=\"button\" class=\"btn text-uppercase w-100\">Tarkista valikoima<\/button><\/div><\/a><\/div><\/div><\/div><div class=\"block__footer text-center\" data-animate=\"T_FADE_UP\"><div class=\"wp-block-button\"><a href=\"https:\/\/wood4u.ee\/fi\/products\/parketti\/\" class=\"wp-block-button__link\">Tutustu parkettiimme ja sen ominaisuuksiin<\/a><\/div><\/div><div class=\"block__bg\" style=\"background-image: url(https:\/\/wood4u.ee\/wp-content\/uploads\/2024\/02\/Parkett.png); background-repeat: no-repeat; background-size: cover; background-position: center;\"><\/div><button type=\"button\" class=\"scroll-to-next\" aria-label=\"Scroll to next element\"><\/button><\/div>\n\n<div id=\"avakuva\" class=\"ama-block block-cover full-width\"><div class=\"block__header text-center\" data-animate=\"T_FADE_DOWN\"><h1 class=\"has-huge-font-size\">Tammesta t\u00e4ydelliset sisustusratkaisut<\/h1><\/div><div class=\"block__body\" data-animate=\"T_FADE_ZOOM\"><div class=\"acf-innerblocks-container\">\n\n<p class=\"wp-el\">Meill\u00e4 on pitk\u00e4aikainen kokemus puuteollisuudesta, joka on erikoistunut tammiparketin, sein\u00e4paneelien ja puusep\u00e4n sisustuslevyjen valmistukseen.<\/p>\n\n\n\n<p class=\"wp-el\">Tammen k\u00e4ytt\u00f6 sisustussuunnittelussa on loistava tapa tehd\u00e4 kodistasi viihtyis\u00e4mpi. Puun silmiinpist\u00e4v\u00e4 kuviointi, kest\u00e4vyys ja hyv\u00e4t hengitt\u00e4v\u00e4t ominaisuudet luovat ihanteellisen yhdistelm\u00e4n kauniin kodin luomiseen, jossa on hyv\u00e4 sis\u00e4ilmasto ja viihtyvyys.<\/p>\n\n<\/div><\/div><div class=\"block__bg\" style=\"background-image: url(https:\/\/wood4u.ee\/wp-content\/uploads\/2024\/03\/Avakuva1.jpg); background-repeat: no-repeat; background-size: cover; background-position: center;\"><\/div><button type=\"button\" class=\"scroll-to-next\" aria-label=\"Scroll to next element\"><\/button><\/div>\n\n<div id=\"meie-lugu\" class=\"ama-block block-cover full-width\"><div class=\"block__header text-center\" data-animate=\"T_FADE_DOWN\"><h2 class=\"has-huge-font-size\">WOOD4U<\/h2><\/div><div class=\"block__body\" data-animate=\"T_FADE_ZOOM\"><div class=\"acf-innerblocks-container\">\n\n<p class=\"wp-el\">WOOD4U \u2013 mets\u00e4n alkuper\u00e4\u00e4 oleva helmi, sielu ja l\u00e4mp\u00f6 kotiisi.<\/p>\n\n\n\n<p class=\"wp-el\"><br>WOOD4U on virolainen br\u00e4ndi, jonka omistaa Westwood Group O\u00dc, jolla on pitk\u00e4aikainen kokemus puuteollisuudesta. Ryhm\u00e4mme toiminta kattaa kaikki puunjalostuksen vaiheet metsien istutuksesta ja korjuusta sahatavaran, puusepp\u00e4puun ja puisten lattioiden tuotantoon ja vientiin. T\u00e4m\u00e4 ainutlaatuinen kokonaisvaltainen l\u00e4hestymistapa antaa meille t\u00e4yden hallinnan tuotantosyklist\u00e4, mik\u00e4 varmistaa jokaisen WOOD4U-tuotteen erinomaisen laadun ja kest\u00e4vyyden.<\/p>\n\n<\/div><\/div><div class=\"block__footer text-center\" data-animate=\"T_FADE_UP\"><div class=\"wp-block-button\"><a href=\"https:\/\/wood4u.ee\/fi\/yhteystiedot\/yrityksen-tarina\/\" class=\"wp-block-button__link\">Yrityksen tarina<\/a><\/div><\/div><div class=\"block__bg\" style=\"background-image: url(https:\/\/wood4u.ee\/wp-content\/uploads\/2024\/02\/Meist-leht.png); background-repeat: no-repeat; background-size: cover; background-position: center;\"><\/div><button type=\"button\" class=\"scroll-to-next\" aria-label=\"Scroll to next element\"><\/button><\/div>\n\n<div class=\"ama-block block-cover full-width\"><div class=\"block__header text-center\" data-animate=\"T_FADE_DOWN\"><h2 class=\"has-huge-font-size\">Sein\u00e4paneelit<\/h2><\/div><div class=\"block__body\" data-animate=\"T_FADE_ZOOM\"><div class=\"acf-innerblocks-container\">\n\n<p class=\"wp-el\">Tammisein\u00e4paneelit ovat t\u00e4ydellinen valinta niille, jotka etsiv\u00e4t kotinsa luonnollista ja eleganttia viimeistely\u00e4. Ne sopivat t\u00e4ydellisesti sek\u00e4 parketin ett\u00e4 huonekalujen kanssa ja luovat kodikkaan ja l\u00e4mpim\u00e4n tunnelman. Paneelit voidaan helposti liitt\u00e4\u00e4 toisiinsa ponttiliitoksella, mik\u00e4 varmistaa nopean ja k\u00e4tev\u00e4n asennuksen. Sein\u00e4paneelien valmistuksessa k\u00e4ytet\u00e4\u00e4n 4 mm paksua tammea.<\/p>\n\n<\/div><\/div><div class=\"block__footer text-center\" data-animate=\"T_FADE_UP\"><div class=\"wp-block-button\"><a href=\"https:\/\/wood4u.ee\/fi\/products\/seinapaneelit\/\" class=\"wp-block-button__link\" target=\"_blank\">Tutustu sein\u00e4paneelien valikoimaan!<\/a><\/div><\/div><div class=\"block__bg\" style=\"background-image: url(https:\/\/wood4u.ee\/wp-content\/uploads\/2024\/02\/Seinapaneel_pisi.png); background-repeat: no-repeat; background-size: cover; background-position: center;\"><\/div><button type=\"button\" class=\"scroll-to-next\" aria-label=\"Scroll to next element\"><\/button><\/div>\n\n<div class=\"ama-block block-cover full-width\"><div class=\"block__header text-center\" data-animate=\"T_FADE_DOWN\"><h2 class=\"has-huge-font-size\">Sisustuslevyst\u00e4 huonekaluja<\/h2><\/div><div class=\"block__body\" data-animate=\"T_FADE_ZOOM\"><div class=\"acf-innerblocks-container\">\n\n<p class=\"wp-el\">Wood4U-sisustuslevy on valmistettu koivuvanerista, joka on p\u00e4\u00e4llystetty molemmilta puolilta 4 mm paksulla masiivitammella.<br>K\u00e4ytetyn tekniikan ansiosta ei tarvitse pel\u00e4t\u00e4, ett\u00e4 Wood4U-sistuslevyst\u00e4 valmistetut huonekalut halkeilevat tai v\u00e4\u00e4ntyv\u00e4t kuten massiivipuu.<\/p>\n\n<\/div><\/div><div class=\"block__footer text-center\" data-animate=\"T_FADE_UP\"><div class=\"wp-block-button\"><a href=\"https:\/\/wood4u.ee\/fi\/products\/rimalevy\/\" class=\"wp-block-button__link\">K\u00e4ytt\u00f6mahdollisuudet<\/a><\/div><\/div><div class=\"block__bg\" style=\"background-image: url(https:\/\/wood4u.ee\/wp-content\/uploads\/2024\/02\/Tislerikilp-suurendatud-1920x1440.jpg); background-repeat: no-repeat; background-size: cover; background-position: center;\"><\/div><button type=\"button\" class=\"scroll-to-next\" aria-label=\"Scroll to next element\"><\/button><\/div>\n\n<div class=\"ama-block block-cover full-width\"><div class=\"block__header text-center\" data-animate=\"T_FADE_DOWN\"><h2 class=\"has-huge-font-size\">Kumppaneita<\/h2><\/div><div class=\"block__body\" data-animate=\"T_FADE_ZOOM\"><div class=\"acf-innerblocks-container\">\n\n<p class=\"wp-el\">Yhteisty\u00f6kumppanimme ovat alansa ammattilaisia, jotka tuntevat WOOD4U-tuotteet perusteellisesti ja pystyv\u00e4t tarjoamaan parhaat ratkaisut jo projektin suunnitteluvaiheessa. Liity WOOD4U-kumppaniverkostoon ja tarjoa asiakkaillesi parasta!<\/p>\n\n<\/div><\/div><div class=\"block__bg\" style=\"background-image: url(https:\/\/wood4u.ee\/wp-content\/uploads\/2024\/02\/avakuva6.png); background-repeat: no-repeat; background-size: cover; background-position: center;\"><\/div><button type=\"button\" class=\"scroll-to-next\" aria-label=\"Scroll to next element\"><\/button><\/div>\n\n\n<h2 class=\"wp-block-heading wp-el\">J\u00e4lleenmyyj\u00e4t<\/h2>\n\n\n\n<p class=\"wp-el\">WOOD4U-tuotteita on mahdollista ostaa Suomessa olevilta j\u00e4lleenmyyjilt\u00e4.<\/p>\n\n\n","protected":false},"excerpt":{"rendered":"<p>WOOD4U on virolainen yritys, jolla on pitk\u00e4aikainen kokemus puuteollisuudesta ja joka on erikoistunut tammiparketin, sein\u00e4paneelien ja rimalevyn valmistukseen.<\/p>\n","protected":false},"author":1,"featured_media":711,"parent":0,"menu_order":0,"comment_status":"closed","ping_status":"closed","template":"","meta":{"_acf_changed":false,"inline_featured_image":false,"footnotes":""},"class_list":["post-699","page","type-page","status-publish","has-post-thumbnail","hentry"],"acf":[],"_links":{"self":[{"href":"https:\/\/wood4u.ee\/fi\/wp-json\/wp\/v2\/pages\/699","targetHints":{"allow":["GET"]}}],"collection":[{"href":"https:\/\/wood4u.ee\/fi\/wp-json\/wp\/v2\/pages"}],"about":[{"href":"https:\/\/wood4u.ee\/fi\/wp-json\/wp\/v2\/types\/page"}],"author":[{"embeddable":true,"href":"https:\/\/wood4u.ee\/fi\/wp-json\/wp\/v2\/users\/1"}],"replies":[{"embeddable":true,"href":"https:\/\/wood4u.ee\/fi\/wp-json\/wp\/v2\/comments?post=699"}],"version-history":[{"count":8,"href":"https:\/\/wood4u.ee\/fi\/wp-json\/wp\/v2\/pages\/699\/revisions"}],"predecessor-version":[{"id":1308,"href":"https:\/\/wood4u.ee\/fi\/wp-json\/wp\/v2\/pages\/699\/revisions\/1308"}],"wp:featuredmedia":[{"embeddable":true,"href":"https:\/\/wood4u.ee\/fi\/wp-json\/wp\/v2\/media\/711"}],"wp:attachment":[{"href":"https:\/\/wood4u.ee\/fi\/wp-json\/wp\/v2\/media?parent=699"}],"curies":[{"name":"wp","href":"https:\/\/api.w.org\/{rel}","templated":true}]}}