{"id":718,"date":"2024-02-22T07:40:33","date_gmt":"2024-02-22T05:40:33","guid":{"rendered":"https:\/\/wood4u.ee\/yhteistyokumppanit\/"},"modified":"2024-10-04T15:03:09","modified_gmt":"2024-10-04T12:03:09","slug":"yhteistyokumppanit","status":"publish","type":"page","link":"https:\/\/wood4u.ee\/fi\/yhteistyokumppanit\/","title":{"rendered":"Meist\u00e4"},"content":{"rendered":"<div class=\"ama-block block-cover full-width\"><div class=\"block__header text-center\" data-animate=\"T_FADE_DOWN\"><h1 class=\"has-huge-font-size\">Meist\u00e4<\/h1><\/div><div class=\"block__body\" data-animate=\"T_FADE_ZOOM\"><div class=\"acf-innerblocks-container\">\n\n<p class=\"wp-el\">WOOD4U:lle on muodostunut pitk\u00e4aikaisia yhteisty\u00f6kumppaneita sisustussuunnittelussa, arkkitehtuurissa, huonekalujen valmistuksessa ja tuotteiden asennuksessa. Yhteisty\u00f6kumppanimme ovat alansa ammattilaisia, jotka tuntevat WOOD4U-tuotteet perusteellisesti ja osaavat tarjota parhaat ratkaisut jo projektien suunnitteluvaiheessa. Liity WOOD4U:n yhteisty\u00f6kumppaniverkostoon ja tarjoa parasta asiakkaillesi!<\/p>\n\n<\/div><\/div><div class=\"block__bg\" style=\"background-image: url(https:\/\/wood4u.ee\/wp-content\/uploads\/2024\/02\/Avakuva5.png); background-repeat: no-repeat; background-size: cover; background-position: center;\"><\/div><button type=\"button\" class=\"scroll-to-next\" aria-label=\"Scroll to next element\"><\/button><\/div>","protected":false},"excerpt":{"rendered":"<p>WOOD4U:n yhteisty\u00f6kumppanit sisustussuunnittelussa, arkkitehtuurissa, huonekalujen valmistuksessa ja tuotteiden asennuksessa. <\/p>\n","protected":false},"author":1,"featured_media":0,"parent":0,"menu_order":30,"comment_status":"closed","ping_status":"closed","template":"","meta":{"_acf_changed":false,"inline_featured_image":false,"footnotes":""},"class_list":["post-718","page","type-page","status-publish","hentry"],"acf":[],"_links":{"self":[{"href":"https:\/\/wood4u.ee\/fi\/wp-json\/wp\/v2\/pages\/718","targetHints":{"allow":["GET"]}}],"collection":[{"href":"https:\/\/wood4u.ee\/fi\/wp-json\/wp\/v2\/pages"}],"about":[{"href":"https:\/\/wood4u.ee\/fi\/wp-json\/wp\/v2\/types\/page"}],"author":[{"embeddable":true,"href":"https:\/\/wood4u.ee\/fi\/wp-json\/wp\/v2\/users\/1"}],"replies":[{"embeddable":true,"href":"https:\/\/wood4u.ee\/fi\/wp-json\/wp\/v2\/comments?post=718"}],"version-history":[{"count":3,"href":"https:\/\/wood4u.ee\/fi\/wp-json\/wp\/v2\/pages\/718\/revisions"}],"predecessor-version":[{"id":912,"href":"https:\/\/wood4u.ee\/fi\/wp-json\/wp\/v2\/pages\/718\/revisions\/912"}],"wp:attachment":[{"href":"https:\/\/wood4u.ee\/fi\/wp-json\/wp\/v2\/media?parent=718"}],"curies":[{"name":"wp","href":"https:\/\/api.w.org\/{rel}","templated":true}]}}