{"id":766,"date":"2024-04-11T11:01:17","date_gmt":"2024-04-11T08:01:17","guid":{"rendered":"https:\/\/wood4u.ee\/tietosuojakaytanto\/"},"modified":"2024-09-26T15:31:49","modified_gmt":"2024-09-26T12:31:49","slug":"tietosuojakaytanto","status":"publish","type":"page","link":"https:\/\/wood4u.ee\/fi\/tietosuojakaytanto\/","title":{"rendered":"Tietosuojak\u00e4yt\u00e4nt\u00f6"},"content":{"rendered":"\n<p class=\"wp-el\">Yksityisyytesi on t\u00e4rke\u00e4\u00e4 Westwood Group O\u00dc:lle, ja noudatamme kaikkia voimassa olevia lakeja ja m\u00e4\u00e4r\u00e4yksi\u00e4 kaikkien henkil\u00f6tietojen suhteen, joita voimme ker\u00e4t\u00e4 sinusta k\u00e4ydess\u00e4si verkkosivustollamme <a href=\"https:\/\/wood4u.ee\/fi\/\"><u>wood4u.ee<\/u><\/a>. K\u00e4ytt\u00e4m\u00e4ll\u00e4 verkkosivustoamme hyv\u00e4ksyt, ett\u00e4 ker\u00e4\u00e4mme ja k\u00e4yt\u00e4mme tietojasi t\u00e4m\u00e4n tietosuojak\u00e4yt\u00e4nn\u00f6n mukaisesti.<\/p>\n\n<p class=\"wp-el\">T\u00e4m\u00e4n tietosuojak\u00e4yt\u00e4nn\u00f6n avulla haluamme selitt\u00e4\u00e4 sinulle, mit\u00e4 tietoja ker\u00e4\u00e4mme, miten k\u00e4yt\u00e4mme niit\u00e4 ja mitk\u00e4 ovat oikeutesi tietojesi suojaamiseen. K\u00e4yt\u00e4nt\u00f6 koskee vain verkkosivustoamme ja sen k\u00e4vij\u00f6it\u00e4 eik\u00e4 koske muiden kanavien kautta ker\u00e4ttyj\u00e4 tietoja.<\/p>\n\n<p class=\"wp-el\">Tietojesi k\u00e4sittelij\u00e4 on Westwood Group O\u00dc<br\/>yrityksen rekisterinumero: 12292150<br\/>s\u00e4hk\u00f6postiosoite: <a href=\"mailto:info@wood4u.ee\">info@wood4u.ee<\/a><br\/>puhelinnumero: <a href=\"tel:+372 5557 1887\">+372 5557 1887<\/a><\/p>\n\n<p class=\"wp-el\">Ker\u00e4\u00e4mme ja k\u00e4sittelemme tietoja 25.05.2018 voimaan tulleen Euroopan unionin yleisen tietosuoja-asetuksen (GDPR) mukaisesti.<\/p>\n\n<h2 class=\"wp-block-heading wp-el\">Henkil\u00f6tietojen ker\u00e4\u00e4minen ja k\u00e4ytt\u00f6<\/h2>\n\n<h3 class=\"wp-block-heading wp-el\">Mit\u00e4 tietoja ker\u00e4\u00e4mme?<\/h3>\n\n<p class=\"wp-el\">Ker\u00e4\u00e4m\u00e4mme tiedot sis\u00e4lt\u00e4v\u00e4t tietoja, joita annat meille tietoisesti ja aktiivisesti k\u00e4ytt\u00e4ess\u00e4si palveluitamme tai kampanjoitamme tai osallistuessasi niihin, sek\u00e4 tietoja, joita laitteesi l\u00e4hett\u00e4v\u00e4t tuotteisiimme ja palveluihimme p\u00e4\u00e4stess\u00e4si.<\/p>\n\n<p class=\"wp-el\">Ker\u00e4\u00e4m\u00e4mme tiedot sis\u00e4lt\u00e4v\u00e4t tietoja, jotka olet antanut meille tietoisesti k\u00e4ytt\u00e4ess\u00e4si palveluitamme tai kampanjoitamme, sek\u00e4 tietoja, jotka laitteesi l\u00e4hett\u00e4v\u00e4t meille automaattisesti.<\/p>\n\n<p class=\"wp-el\">Voimme vastaanottaa henkil\u00f6tietojasi seuraavilla tavoilla:<\/p>\n\n<ul class=\"wp-block-list wp-el\">\n<li>kun otat meihin yhteytt\u00e4 puhelimitse, s\u00e4hk\u00f6postitse tai online-chatissa<\/li>\n\n\n\n<li>Kun selaat verkkosivustoa <a href=\"https:\/\/wood4u.ee\/fi\/\"><u>wood4u.ee<\/u><\/a><\/li>\n\n\n\n<li>kun kommentoit, tykk\u00e4\u00e4t tai jaat jotain sosiaalisen median tilill\u00e4mme<\/li>\n\n\n\n<li>kun tilaat uutiskirjeemme<\/li>\n\n\n\n<li>kun kommentoit verkkosivustollamme olevia postauksia<\/li>\n<\/ul>\n\n<h2 class=\"wp-block-heading wp-el\">Ker\u00e4tt\u00e4v\u00e4t tietotyypit<\/h2>\n\n<h3 class=\"wp-block-heading wp-el\">Henkil\u00f6tiedot<\/h3>\n\n<p class=\"wp-el\">Pyyd\u00e4mme sinulta henkil\u00f6tietoja vain, jos se on tarpeen palvelun tarjoamiseksi sinulle. Ottamalla meihin yhteytt\u00e4 tai k\u00e4ym\u00e4ll\u00e4 verkkosivustollamme on mahdollista, ett\u00e4 jaat meille seuraavia tietoja:<\/p>\n\n<ul class=\"wp-block-list wp-el\">\n<li>Etu- ja sukunimi:<\/li>\n\n\n\n<li>S\u00e4hk\u00f6postiosoite<\/li>\n\n\n\n<li>Puhelinnumero<\/li>\n\n\n\n<li>Keskusteluhistoria sinun ja meid\u00e4n v\u00e4lill\u00e4mme<\/li>\n<\/ul>\n\n<h3 class=\"wp-block-heading wp-el\">Lokitiedostot<\/h3>\n\n<p class=\"wp-el\">Verkkosivustomme <a href=\"https:\/\/wood4u.ee\/fi\/\"><u>wood4u.ee<\/u><\/a> tallentaa lokitiedostoja vierailijoistamme. Ker\u00e4\u00e4m\u00e4mme tiedot voivat sis\u00e4lt\u00e4\u00e4:<\/p>\n\n<ul class=\"wp-block-list wp-el\">\n<li>K\u00e4ytett\u00e4v\u00e4n laitteen tyyppi<\/li>\n\n\n\n<li>Internet-protokollan (IP) osoite<\/li>\n\n\n\n<li>Selaimen tyyppi<\/li>\n\n\n\n<li>Internet-palveluntarjoaja (ISP)<\/li>\n\n\n\n<li>Sivustolla vierailun p\u00e4iv\u00e4m\u00e4\u00e4r\u00e4 ja kellonaika<\/li>\n\n\n\n<li>Sis\u00e4\u00e4ntulo- ja poistumissivu sek\u00e4 sivustolla teht\u00e4vien klikkausten lukum\u00e4\u00e4r\u00e4<\/li>\n<\/ul>\n\n<p class=\"wp-el\">Lokitiedostojen sis\u00e4lt\u00e4mi\u00e4 tietoja k\u00e4ytet\u00e4\u00e4n trendien analysointiin, verkkosivuston hallintaan, sivuston k\u00e4vij\u00f6iden toiminnan seuraamiseen ja demografisten tietojen ker\u00e4\u00e4miseen. Saatujen tietojen tarkoituksena ei ole henkil\u00f6n tunnistaminen, eiv\u00e4tk\u00e4 ne mahdollista sit\u00e4.<\/p>\n\n<h3 class=\"wp-block-heading wp-el\">Ev\u00e4steet<\/h3>\n\n<p class=\"wp-el\">Kuten useimmat verkkosivut, my\u00f6s <a href=\"https:\/\/wood4u.ee\/fi\/\"><u>wood4u.ee<\/u><\/a> k\u00e4ytt\u00e4\u00e4 ev\u00e4steit\u00e4. Ev\u00e4ste on tekstitiedosto, joka tallennetaan k\u00e4ytt\u00e4j\u00e4n laitteelle t\u00e4m\u00e4n vieraillessa verkkosivustolla. Ev\u00e4steiden avulla m\u00e4\u00e4ritet\u00e4\u00e4n ja tallennetaan mieltymyksi\u00e4, alueellisia asetuksia, palvelujen k\u00e4ytt\u00f6valintoja jne.<\/p>\n\n<p class=\"wp-el\">Voit halutessasi est\u00e4\u00e4 ev\u00e4steiden k\u00e4yt\u00f6n selaimen asetuksissa, mutta silloin on mahdollista, ett\u00e4 sinulle tarjottavassa palvelussa esiintyy h\u00e4iri\u00f6it\u00e4.<\/p>\n\n<p class=\"wp-el\">Ev\u00e4steet jaetaan pysyviin ev\u00e4steisiin ja istuntoev\u00e4steisiin. Pysyv\u00e4t ev\u00e4steet pysyv\u00e4t tietokoneellasi tai mobiililaitteellasi my\u00f6s selaimen tai tietokoneen sulkemisen j\u00e4lkeen. Istuntoev\u00e4steet poistetaan kuitenkin heti selaimen sulkemisen j\u00e4lkeen.<\/p>\n\n<p class=\"wp-el\">Ev\u00e4steet jaetaan niiden k\u00e4ytt\u00f6tarkoituksen mukaan:<\/p>\n\n<p class=\"wp-el\"><strong>Tarvittavat ev\u00e4steet.<\/strong> Istuntoev\u00e4steet, joiden tarkoituksena on mahdollistaa verkkosivustollamme tarjottavien palveluiden k\u00e4ytt\u00f6. N\u00e4m\u00e4 ev\u00e4steet auttavat tunnistamaan k\u00e4ytt\u00e4j\u00e4t ja ehk\u00e4isem\u00e4\u00e4n k\u00e4ytt\u00e4j\u00e4tilien vahingollista k\u00e4ytt\u00f6\u00e4. Ilman n\u00e4it\u00e4 ev\u00e4steit\u00e4 emme voi tarjota sinulle haluamiasi palveluita.<\/p>\n\n<p class=\"wp-el\"><strong>Ilmoitusev\u00e4steet.<\/strong> N\u00e4m\u00e4 ev\u00e4steet tunnistavat, ovatko k\u00e4ytt\u00e4j\u00e4t hyv\u00e4ksyneet ev\u00e4steiden k\u00e4yt\u00f6n verkkosivustolla.<\/p>\n\n<p class=\"wp-el\"><strong>Toiminnalliset ev\u00e4steet.<\/strong> N\u00e4m\u00e4 ev\u00e4steet auttavat selaintasi muistamaan valinnat, joita teet verkkosivustoa k\u00e4ytt\u00e4ess\u00e4si, kuten kirjautumistietojesi tai kieliasetusten tallentaminen. N\u00e4iden ev\u00e4steiden tarkoituksena on tarjota sinulle henkil\u00f6kohtaisempi kokemus ja v\u00e4ltt\u00e4\u00e4 asetusten uudelleen sy\u00f6tt\u00e4minen.<\/p>\n\n<h2 class=\"wp-block-heading wp-el\">Miten k\u00e4yt\u00e4mme tietoja?<\/h2>\n\n<p class=\"wp-el\">Voimme k\u00e4ytt\u00e4\u00e4 ker\u00e4\u00e4mi\u00e4mme tietoja eri tarkoituksiin, mukaan lukien:<\/p>\n\n<ul class=\"wp-block-list wp-el\">\n<li>verkkosivustomme yll\u00e4pit\u00e4miseen, hallinnointiin, kehitt\u00e4miseen, personointiin ja laajentamiseen<\/li>\n\n\n\n<li>tilastojen ker\u00e4\u00e4miseen, jotta voimme tarjota parempia palveluja ja\/tai tarjouksia sek\u00e4 ymm\u00e4rt\u00e4\u00e4 ja analysoida verkkosivustomme k\u00e4vij\u00f6iden k\u00e4ytt\u00e4ytymist\u00e4<\/li>\n\n\n\n<li>tunnistaaksemme sinut puhelimitse, viestill\u00e4 tai s\u00e4hk\u00f6postilla<\/li>\n\n\n\n<li>tiedon l\u00e4hett\u00e4miseksi sinulle ja pyyt\u00e4\u00e4ksemme palautetta palveluistamme<\/li>\n\n\n\n<li>petosten ehk\u00e4isemiseksi ja verkkosivustomme suojaamiseksi<\/li>\n\n\n\n<li>voidaksemme olla yhteydess\u00e4 sinuun sosiaalisen median tilin kautta<\/li>\n\n\n\n<li>keskusteluhistorian lukemisen mahdollistamiseksi asianmukaisten neuvojen antamisen nopeuttamiseksi<\/li>\n\n\n\n<li>parantaaksemme palvelumme laatua ja tarjotaksemme tehokkaampia selausratkaisuja<\/li>\n\n\n\n<li>uusien tuotteiden ja palveluiden kehitt\u00e4miseksi tai niiden toimivuuden parantamiseksi<\/li>\n\n\n\n<li>helpottaaksemme ja nopeuttaaksemme vuorovaikutusta, kun otat meihin yhteytt\u00e4<\/li>\n\n\n\n<li>muihin tarkoituksiin, esimerkiksi tietojen analysoimiseksi, trendien tutkimiseksi, mainoskampanjoidemme tehokkuuden arvioimiseksi.<\/li>\n<\/ul>\n\n<h3 class=\"wp-block-heading wp-el\"><strong>Miss\u00e4 tapauksissa voimme jakaa tietojasi?<\/strong><\/h3>\n\n<ul class=\"wp-block-list wp-el\">\n<li>Voimme jakaa tai luovuttaa henkil\u00f6tietojasi yrityksemme omistajien vaihtumisen, yhdistymisen, omaisuuden myynnin, rahoituksen tai hankinnan yhteydess\u00e4. Ilmoitamme sinulle henkil\u00f6tietojesi luovuttamisesta ja siit\u00e4, jos niit\u00e4 alkavat koskea jonkin toisen tietosuojak\u00e4yt\u00e4nn\u00f6n m\u00e4\u00e4r\u00e4ykset.<\/li>\n\n\n\n<li>Voimme jakaa tietojasi kumppaniyritystemme kanssa vaatien niilt\u00e4 t\u00e4m\u00e4n tietosuojak\u00e4yt\u00e4nn\u00f6n noudattamista. Kumppaniyrityksi\u00e4 ovat emo- ja tyt\u00e4ryrityksemme, yhteisyrityskumppanimme tai omistamamme yritykset.<\/li>\n\n\n\n<li>Voimme jakaa tietojasi liikekumppaneidemme kanssa tarjotaksemme sinulle tiettyj\u00e4 tuotteita, palveluita tai kampanjoita.<\/li>\n\n\n\n<li>Voimme luovuttaa henkil\u00f6tietojasi mihin tahansa muuhun tarkoitukseen suostumuksestasi.<\/li>\n\n\n\n<li>Olemme velvollisia luovuttamaan henkil\u00f6tietojasi, jos laki sit\u00e4 vaatii. Vilpitt\u00f6m\u00e4ss\u00e4 mieless\u00e4 voimme luovuttaa tietojasi my\u00f6s lakis\u00e4\u00e4teisen velvoitteen noudattamiseksi, oikeuksiemme tai omaisuutemme suojaamiseksi, palvelumme k\u00e4ytt\u00f6\u00f6n liittyvien mahdollisten rikkomusten est\u00e4miseksi tai havaitsemiseksi sek\u00e4 palvelun k\u00e4ytt\u00e4jien turvallisuuden varmistamiseksi.<\/li>\n<\/ul>\n\n<h2 class=\"wp-block-heading wp-el\">Henkil\u00f6tietojesi s\u00e4ilytt\u00e4minen<\/h2>\n\n<p class=\"wp-el\">Yritys s\u00e4ilytt\u00e4\u00e4 henkil\u00f6tietojasi vain niin kauan kuin se on tarpeen t\u00e4ss\u00e4 tietosuojak\u00e4yt\u00e4nn\u00f6ss\u00e4 m\u00e4\u00e4riteltyihin tarkoituksiin. S\u00e4ilyt\u00e4mme ja k\u00e4yt\u00e4mme henkil\u00f6tietojasi siin\u00e4 laajuudessa kuin se on tarpeen lakis\u00e4\u00e4teisten velvoitteidemme noudattamiseksi (esimerkiksi jos meid\u00e4n on s\u00e4ilytett\u00e4v\u00e4 tietojasi voimassa olevien lakien noudattamiseksi), riitojen ratkaisemiseksi ja oikeudellisten sopimustemme ja k\u00e4yt\u00e4nt\u00f6jen t\u00e4yt\u00e4nt\u00f6\u00f6npanemiseksi.<\/p>\n\n<p class=\"wp-el\">Yritys s\u00e4ilytt\u00e4\u00e4 lokitiedostoja my\u00f6s sis\u00e4ist\u00e4 analyysia varten. Lokitiedostoja s\u00e4ilytet\u00e4\u00e4n yleens\u00e4 lyhyemm\u00e4n ajan, ellei n\u00e4it\u00e4 tietoja k\u00e4ytet\u00e4 turvallisuuden vahvistamiseen tai palvelumme toimivuuden parantamiseen tai jos laki velvoittaa meit\u00e4 s\u00e4ilytt\u00e4m\u00e4\u00e4n n\u00e4it\u00e4 tietoja pidemp\u00e4\u00e4n.<\/p>\n\n<h3 class=\"wp-block-heading wp-el\">Lasten tietojen k\u00e4sittely<\/h3>\n\n<p class=\"wp-el\">Mik\u00e4\u00e4n tuotteistamme tai palveluistamme ei ole suunnattu alle 13-vuotiaille lapsille, emmek\u00e4 ker\u00e4\u00e4 tietoisesti alle 13-vuotiaiden lasten tietoja. Jos ep\u00e4ilemme, ett\u00e4 k\u00e4sittelemme alle 13-vuotiaan henkil\u00f6n tietoja, poistamme kyseisen henkil\u00f6n kaikista tietokannoistamme.<\/p>\n\n<h3 class=\"wp-block-heading wp-el\">Oikeutesi suojata tietojasi<\/h3>\n\n<p class=\"wp-el\">Sinulla on aina oikeus olla ilmoittamatta tietojasi meille tiet\u00e4en, ett\u00e4 se voi vaikuttaa kokemukseesi verkkosivustollamme. Jos p\u00e4\u00e4t\u00e4t olla ilmoittamatta tietojasi meille, emme kohtele sinua sen takia huonommin. Jos luovutat meille henkil\u00f6kohtaisia tietoja, ymm\u00e4rr\u00e4t, ett\u00e4 ker\u00e4\u00e4mme, tallennamme, k\u00e4yt\u00e4mme ja julkaisemme niit\u00e4 t\u00e4m\u00e4n tietosuojak\u00e4yt\u00e4nn\u00f6n mukaisesti. Sinulla on oikeus kysy\u00e4 sinusta ker\u00e4\u00e4miemme tietojen yksityiskohtia.<\/p>\n\n<p class=\"wp-el\">Jos saamme henkil\u00f6tietojasi kolmannelta osapuolelta, suojaamme niit\u00e4 t\u00e4m\u00e4n tietosuojak\u00e4yt\u00e4nn\u00f6n ja Viron tasavallan lain mukaisesti. Jos jaat itse kolmannen osapuolen tietoja, vahvistat, ett\u00e4 sinulla on my\u00f6s oikeus ja lupa siihen.<\/p>\n\n<p class=\"wp-el\">Vaikka olisit aiemmin suostunut jakamaan henkil\u00f6tietojasi kanssamme markkinointitarkoituksiin, sinulla on silti oikeus muuttaa mielt\u00e4si milloin tahansa. Sinulla on aina oikeus luopua yhteydenpidosta kanssamme ja pyyt\u00e4\u00e4, ett\u00e4 poistamme tietosi tietokannoistamme. Saatamme ajoittain my\u00f6s pyyt\u00e4\u00e4 tietoja sinusta henkil\u00f6llisyytesi vahvistamiseksi. Jos huomaat, ett\u00e4 sinusta ker\u00e4\u00e4m\u00e4mme tiedot ovat ep\u00e4tarkkoja, vanhentuneita, puutteellisia, merkityksett\u00f6mi\u00e4 tai harhaanjohtavia, ota meihin yhteytt\u00e4 s\u00e4hk\u00f6postitse osoitteeseen info@wood4u.ee tai puhelimitse numeroon +372 5557 1887. Teemme kaikkemme ep\u00e4tarkkojen, puutteellisten, harhaanjohtavien tai vanhentuneiden tietojen korjaamiseksi.<\/p>\n\n<p class=\"wp-el\">Jos olemme mielest\u00e4si rikkoneet asianmukaista tietosuojalakia ja haluat tehd\u00e4 valituksen, ota meihin yhteytt\u00e4 k\u00e4ytt\u00e4m\u00e4ll\u00e4 t\u00e4ss\u00e4 asiakirjassa olevia yhteystietoja ja ilmoita meille kaikki rikkomuksen yksityiskohdat. Tutkimme valituksesi viipym\u00e4tt\u00e4 ja vastaamme sinulle kirjallisesti, esittelemme tutkimuksen tulokset ja kerromme toimenpiteet, joihin ryhdymme valituksesi ratkaisemiseksi. Sinulla on my\u00f6s oikeus ottaa yhteytt\u00e4 s\u00e4\u00e4ntely- tai tietosuojaviranomaiseen.<\/p>\n\n<h2 class=\"wp-block-heading wp-el\">GDPR-tietosuojaoikeudet<\/h2>\n\n<p class=\"wp-el\">Haluamme varmistaa, ett\u00e4 olet tietoinen kaikista tietosuojaoikeuksistasi. Jokaisella sivuston k\u00e4ytt\u00e4j\u00e4ll\u00e4 on oikeus seuraaviin ehtoihin:<\/p>\n\n<ul class=\"wp-block-list wp-el\">\n<li>P\u00e4\u00e4syoikeus \u2013 sinulla on oikeus pyyt\u00e4\u00e4 kopioita henkil\u00f6tiedoistasi.<\/li>\n\n\n\n<li>Oikeus tietojen korjaamiseen \u2013 sinulla on oikeus pyyt\u00e4\u00e4 meit\u00e4 korjaamaan tietoja, jotka ovat mielest\u00e4si ep\u00e4tarkkoja. Sinulla on my\u00f6s oikeus pyyt\u00e4\u00e4 meit\u00e4 t\u00e4ydent\u00e4m\u00e4\u00e4n tietoja, jotka ovat mielest\u00e4si puutteellisia.<\/li>\n\n\n\n<li>Oikeus tietojen poistamiseen \u2013 tietyiss\u00e4 olosuhteissa sinulla on oikeus pyyt\u00e4\u00e4 henkil\u00f6tietojesi poistamista.<\/li>\n\n\n\n<li>Oikeus tietojen k\u00e4sittelyn rajoittamiseen \u2013 tietyiss\u00e4 olosuhteissa sinulla on oikeus pyyt\u00e4\u00e4 henkil\u00f6tietojesi k\u00e4yt\u00f6n rajoittamista.<\/li>\n\n\n\n<li>Oikeus vastustaa henkil\u00f6tietojen k\u00e4ytt\u00f6\u00e4 \u2013 tietyiss\u00e4 olosuhteissa sinulla on oikeus vastustaa henkil\u00f6tietojesi k\u00e4ytt\u00f6\u00e4.<\/li>\n\n\n\n<li>Oikeus tietojen siirrett\u00e4vyyteen \u2013 tietyiss\u00e4 olosuhteissa sinulla on oikeus pyyt\u00e4\u00e4, ett\u00e4 siirr\u00e4mme ker\u00e4tyt tiedot kolmannelle osapuolelle tai suoraan sinulle.<\/li>\n<\/ul>\n\n<h2 class=\"wp-block-heading wp-el\">Tietojesi turvallisuus<\/h2>\n\n<p class=\"wp-el\">Henkil\u00f6tietojesi turvallisuus on meille t\u00e4rke\u00e4\u00e4, mutta muista, ett\u00e4 yksik\u00e4\u00e4n tapa vaihtaa tietoja internetiss\u00e4 tai s\u00e4hk\u00f6inen tallennusmenetelm\u00e4 ei ole 100 % turvallinen. Vaikka teemme parhaamme suojellaksemme tietojasi, emme voi taata niiden t\u00e4ydellist\u00e4 turvallisuutta.<\/p>\n\n<p class=\"wp-el\">Westwood Group O\u00dc ryhtyy kaikkiin kohtuullisesti tarpeellisiin toimenpiteisiin varmistaakseen, ett\u00e4 tietojasi k\u00e4sitell\u00e4\u00e4n turvallisesti ja t\u00e4m\u00e4n tietosuojak\u00e4yt\u00e4nn\u00f6n sek\u00e4 Viron tasavallan lains\u00e4\u00e4d\u00e4nn\u00f6n mukaisesti. Tietojasi ei v\u00e4litet\u00e4 mihink\u00e4\u00e4n organisaatioon tai maahan, paitsi jos siihen on painava syy ja tietojesi turvallisuus on taattu.<\/p>\n\n<h3 class=\"wp-block-heading wp-el\"><strong>Viittaaminen muihin verkkosivustoihin<\/strong><\/h3>\n\n<p class=\"wp-el\">Voit l\u00f6yt\u00e4\u00e4 sivustoltamme linkkej\u00e4 muille verkkosivustoille, jotka eiv\u00e4t kuulu meille. Jos napsautat kolmannen osapuolen linkki\u00e4, sinut ohjataan kyseisen kolmannen osapuolen sivustolle. Suosittelemme tutustumaan jokaisen vierailemasi sivuston tietosuojak\u00e4yt\u00e4nt\u00f6\u00f6n.<\/p>\n\n<p class=\"wp-el\">Emme hallitse kolmansien osapuolten sivustoja emmek\u00e4 ota vastuuta niiden sis\u00e4ll\u00f6st\u00e4, tietosuojak\u00e4yt\u00e4nn\u00f6st\u00e4, tarjottavista palveluista tai muusta.<\/p>\n\n<h3 class=\"wp-block-heading wp-el\"><strong>Tietosuojak\u00e4yt\u00e4nn\u00f6n p\u00e4ivitykset<\/strong><\/h3>\n\n<p class=\"wp-el\">Tarvittaessa meill\u00e4 on oikeus tehd\u00e4 muutoksia t\u00e4h\u00e4n tietosuojak\u00e4yt\u00e4nt\u00f6asiakirjaan. Kun tietosuojak\u00e4yt\u00e4nt\u00f6 on p\u00e4ivitetty, muutamme sen alaosassa olevaa asiakirjan p\u00e4ivitt\u00e4misen p\u00e4iv\u00e4m\u00e4\u00e4r\u00e4\u00e4. Jos vierailet ja k\u00e4yt\u00e4t verkkosivustoamme my\u00f6s tietosuojak\u00e4yt\u00e4nn\u00f6n p\u00e4ivitt\u00e4misen j\u00e4lkeen, suhtaudumme siihen hiljaisena suostumuksenasi muutoksiin.<\/p>\n\n<p class=\"wp-el\">Viimeksi muokattu 11.04.2024<\/p>\n","protected":false},"excerpt":{"rendered":"<p>Yksityisyytesi on t\u00e4rke\u00e4\u00e4 Westwood Group O\u00dc:lle, ja noudatamme kaikkia voimassa olevia lakeja ja m\u00e4\u00e4r\u00e4yksi\u00e4 kaikkien henkil\u00f6tietojen suhteen, joita voimme ker\u00e4t\u00e4&#8230;<\/p>\n","protected":false},"author":1,"featured_media":0,"parent":0,"menu_order":0,"comment_status":"closed","ping_status":"closed","template":"","meta":{"_acf_changed":false,"inline_featured_image":false,"footnotes":""},"class_list":["post-766","page","type-page","status-publish","hentry"],"acf":[],"_links":{"self":[{"href":"https:\/\/wood4u.ee\/fi\/wp-json\/wp\/v2\/pages\/766","targetHints":{"allow":["GET"]}}],"collection":[{"href":"https:\/\/wood4u.ee\/fi\/wp-json\/wp\/v2\/pages"}],"about":[{"href":"https:\/\/wood4u.ee\/fi\/wp-json\/wp\/v2\/types\/page"}],"author":[{"embeddable":true,"href":"https:\/\/wood4u.ee\/fi\/wp-json\/wp\/v2\/users\/1"}],"replies":[{"embeddable":true,"href":"https:\/\/wood4u.ee\/fi\/wp-json\/wp\/v2\/comments?post=766"}],"version-history":[{"count":2,"href":"https:\/\/wood4u.ee\/fi\/wp-json\/wp\/v2\/pages\/766\/revisions"}],"predecessor-version":[{"id":781,"href":"https:\/\/wood4u.ee\/fi\/wp-json\/wp\/v2\/pages\/766\/revisions\/781"}],"wp:attachment":[{"href":"https:\/\/wood4u.ee\/fi\/wp-json\/wp\/v2\/media?parent=766"}],"curies":[{"name":"wp","href":"https:\/\/api.w.org\/{rel}","templated":true}]}}